{"id":15574,"date":"2021-04-27T02:56:59","date_gmt":"2021-04-27T02:56:59","guid":{"rendered":"http:\/\/ninzio.com\/sublime\/?page_id=15574"},"modified":"2025-07-19T16:35:58","modified_gmt":"2025-07-19T22:35:58","slug":"andrea","status":"publish","type":"page","link":"https:\/\/cataniaandrea.com\/en\/andrea\/","title":{"rendered":"Andrea Catania"},"content":{"rendered":"<div data-elementor-type=\"wp-page\" data-elementor-id=\"15574\" class=\"elementor elementor-15574\">\n\t\t\t\t<div class=\"elementor-element elementor-element-df7753e e-flex e-con-boxed e-con e-parent\" data-id=\"df7753e\" data-element_type=\"container\" data-e-type=\"container\">\n\t\t\t\t\t<div class=\"e-con-inner\">\n\t\t\t\t<div class=\"elementor-element elementor-element-72fb3c9 elementor-widget elementor-widget-heading\" data-id=\"72fb3c9\" data-element_type=\"widget\" data-e-type=\"widget\" data-widget_type=\"heading.default\">\n\t\t\t\t<div class=\"elementor-widget-container\">\n\t\t\t\t\t<h3 class=\"elementor-heading-title elementor-size-default\">Andrea Catania<\/h3>\t\t\t\t<\/div>\n\t\t\t\t<\/div>\n\t\t\t\t<div class=\"elementor-element elementor-element-057195c elementor-widget elementor-widget-text-editor\" data-id=\"057195c\" data-element_type=\"widget\" data-e-type=\"widget\" data-widget_type=\"text-editor.default\">\n\t\t\t\t<div class=\"elementor-widget-container\">\n\t\t\t\t\t\t\t\t\t<p><strong>Andrea Catania<\/strong><span style=\"font-weight: 400;\"> professional dancer, teacher, choreographer and actress.\u00a0<\/span><\/p><p><span style=\"font-weight: 400;\">She began her career with the group \u201cLosDenmedium\u201d and under the direction of Jimmy Ortiz, he went on numerous national and international tours.\u00a0<\/span><\/p><p><span style=\"font-weight: 400;\">In 2003 she obtained a Bachelor's Degree in Contemporary Dance at the Folkwang Hochschule University in Germany, in 2006 she obtained a Bachelor's Degree in Contemporary Dance at the National University of Costa Rica and in 2023 she obtained a Master's Degree at the University of Castilla y Le\u00f3n in Spain, in Contemporary Critical Thought.<\/span><\/p><p><span style=\"font-weight: 400;\">Internationally, she has worked with the renowned dance company \u201cSasha Waltz and Guests\u201d, under the direction of Luc Dunberry in Berlin, with Stephanie Tiersch\/mouvoir Cie in Germany, alongside renowned choreographer Garaio Esnaola Juan Kruz, and with the Vincent Dance Theatre company in England, performing numerous performances in England, Germany and the United States.\u00a0<\/span><\/p><p><span style=\"font-weight: 400;\">As a choreographer and artistic director, she has worked for national and international groups, including the National Dance Company of Costa Rica, the El Barco Conservatory, CEPRODAC in Mexico, ENDCC in Mexico, ASAB in Colombia, the National University of Costa Rica, the \u201cEl Otro Ojo\u201d Company in Mendoza, Argentina, and the EPDM University in Mazatl\u00e1n, Mexico, among others.<\/span><\/p><p><span style=\"font-weight: 400;\">In 2003, together with the musician, director and multifaceted artist Alex Catona, they founded the company Lasafueras, a personal project with which they have carried out more than 16 choreographic works, obtaining numerous awards and recognitions: National Award for Best Supporting Actress, (2004), National Award for Best Group and Best Performer at the National Dance Festival (2016), Costa Rica, Best Performer at the Canary Islands Festival (Spain), and they have been awarded the PROARTES Scholarship from the Ministry of Culture and Youth five times, among others.<\/span><\/p><p><span style=\"font-weight: 400;\">In addition, Catania has dedicated much of her career to teaching, creating her own language and methodology. Over the past 15 years she has taught numerous workshops and seminars at renowned universities and institutions in Costa Rica, Mexico, Canada and Europe.<\/span><\/p><p><span style=\"font-weight: 400;\">Currently, Catania, together with Alex Catona, directs Lasafueras, which in addition to being an experimental company is a space for artistic residencies, in San Jos\u00e9, Costa Rica. In addition, during 2023 and 2024 they carried out a co-production with the Compa\u00f1\u00eda N\u00f3mada de Tenerife, touring numerous different theaters in Latin America and Europe.<\/span><\/p><p><span style=\"font-weight: 400;\">Today, Catania participates in numerous national and international festivals, designs her own work and maintains a commitment to her educational activities, through various formats of workshops for groups and\/or independent institutions around the world.<\/span><\/p>\t\t\t\t\t\t\t\t<\/div>\n\t\t\t\t<\/div>\n\t\t\t\t\t<\/div>\n\t\t\t\t<\/div>\n\t\t<div class=\"elementor-element elementor-element-f8dd7a7 e-flex e-con-boxed e-con e-parent\" data-id=\"f8dd7a7\" data-element_type=\"container\" data-e-type=\"container\">\n\t\t\t\t\t<div class=\"e-con-inner\">\n\t\t<div class=\"elementor-element elementor-element-59e8974 e-con-full e-flex e-con e-child\" data-id=\"59e8974\" data-element_type=\"container\" data-e-type=\"container\">\n\t\t\t\t<div class=\"elementor-element elementor-element-68f2929 elementor-widget elementor-widget-image\" data-id=\"68f2929\" data-element_type=\"widget\" data-e-type=\"widget\" data-widget_type=\"image.default\">\n\t\t\t\t<div class=\"elementor-widget-container\">\n\t\t\t\t\t\t\t\t\t\t\t\t\t\t\t<img fetchpriority=\"high\" decoding=\"async\" width=\"960\" height=\"640\" src=\"https:\/\/cataniaandrea.com\/wp-content\/uploads\/2023\/12\/2025_Buitres_2.jpg\" class=\"attachment-large size-large wp-image-19420\" alt=\"\" srcset=\"https:\/\/cataniaandrea.com\/wp-content\/uploads\/2023\/12\/2025_Buitres_2.jpg 960w, https:\/\/cataniaandrea.com\/wp-content\/uploads\/2023\/12\/2025_Buitres_2-300x200.jpg 300w, https:\/\/cataniaandrea.com\/wp-content\/uploads\/2023\/12\/2025_Buitres_2-768x512.jpg 768w, https:\/\/cataniaandrea.com\/wp-content\/uploads\/2023\/12\/2025_Buitres_2-535x357.jpg 535w\" sizes=\"(max-width: 960px) 100vw, 960px\" \/>\t\t\t\t\t\t\t\t\t\t\t\t\t\t\t<\/div>\n\t\t\t\t<\/div>\n\t\t\t\t<\/div>\n\t\t<div class=\"elementor-element elementor-element-72c0e5a e-con-full e-flex e-con e-child\" data-id=\"72c0e5a\" data-element_type=\"container\" data-e-type=\"container\">\n\t\t\t\t<div class=\"elementor-element elementor-element-a0e62dd elementor-widget elementor-widget-image\" data-id=\"a0e62dd\" data-element_type=\"widget\" data-e-type=\"widget\" data-widget_type=\"image.default\">\n\t\t\t\t<div class=\"elementor-widget-container\">\n\t\t\t\t\t\t\t\t\t\t\t\t\t\t\t<img decoding=\"async\" width=\"960\" height=\"640\" src=\"https:\/\/cataniaandrea.com\/wp-content\/uploads\/2023\/12\/2025_Buitres_1.jpg\" class=\"attachment-large size-large wp-image-19419\" alt=\"\" srcset=\"https:\/\/cataniaandrea.com\/wp-content\/uploads\/2023\/12\/2025_Buitres_1.jpg 960w, https:\/\/cataniaandrea.com\/wp-content\/uploads\/2023\/12\/2025_Buitres_1-300x200.jpg 300w, https:\/\/cataniaandrea.com\/wp-content\/uploads\/2023\/12\/2025_Buitres_1-768x512.jpg 768w, https:\/\/cataniaandrea.com\/wp-content\/uploads\/2023\/12\/2025_Buitres_1-535x357.jpg 535w\" sizes=\"(max-width: 960px) 100vw, 960px\" \/>\t\t\t\t\t\t\t\t\t\t\t\t\t\t\t<\/div>\n\t\t\t\t<\/div>\n\t\t\t\t<\/div>\n\t\t\t\t\t<\/div>\n\t\t\t\t<\/div>\n\t\t<div class=\"elementor-element elementor-element-fb7368a e-con-full e-flex e-con e-parent\" data-id=\"fb7368a\" data-element_type=\"container\" data-e-type=\"container\">\n\t\t\t\t<\/div>\n\t\t\t\t<\/div>","protected":false},"excerpt":{"rendered":"<p>Andrea Catania Andrea Catania bailarina, maestra, core\u00f3grafa y actriz profesional.\u00a0 Inicia su carrera con el grupo \u201cLosDenmedium\u201d y bajo la direcci\u00f3n de Jimmy Ortiz, realiza numerosas giras nacionales e internacionales.\u00a0 En el 2003 obtiene el Bachillerato en Danza Contempor\u00e1nea en la Universidad Folkwang Hochschule en Alemania, en el 2006 obtiene la Licenciatura en Danza Contempor\u00e1nea [&hellip;]<\/p>\n","protected":false},"author":1,"featured_media":0,"parent":0,"menu_order":0,"comment_status":"closed","ping_status":"closed","template":"","meta":{"footnotes":""},"class_list":["post-15574","page","type-page","status-publish","hentry"],"_hostinger_reach_plugin_has_subscription_block":false,"_hostinger_reach_plugin_is_elementor":false,"_links":{"self":[{"href":"https:\/\/cataniaandrea.com\/en\/wp-json\/wp\/v2\/pages\/15574","targetHints":{"allow":["GET"]}}],"collection":[{"href":"https:\/\/cataniaandrea.com\/en\/wp-json\/wp\/v2\/pages"}],"about":[{"href":"https:\/\/cataniaandrea.com\/en\/wp-json\/wp\/v2\/types\/page"}],"author":[{"embeddable":true,"href":"https:\/\/cataniaandrea.com\/en\/wp-json\/wp\/v2\/users\/1"}],"replies":[{"embeddable":true,"href":"https:\/\/cataniaandrea.com\/en\/wp-json\/wp\/v2\/comments?post=15574"}],"version-history":[{"count":127,"href":"https:\/\/cataniaandrea.com\/en\/wp-json\/wp\/v2\/pages\/15574\/revisions"}],"predecessor-version":[{"id":19637,"href":"https:\/\/cataniaandrea.com\/en\/wp-json\/wp\/v2\/pages\/15574\/revisions\/19637"}],"wp:attachment":[{"href":"https:\/\/cataniaandrea.com\/en\/wp-json\/wp\/v2\/media?parent=15574"}],"curies":[{"name":"wp","href":"https:\/\/api.w.org\/{rel}","templated":true}]}}